{"id":307,"date":"2025-01-23T14:00:40","date_gmt":"2025-01-23T14:00:40","guid":{"rendered":"http:\/\/balanceinmotioncoach.com\/blog\/"},"modified":"2025-01-27T14:29:25","modified_gmt":"2025-01-27T14:29:25","slug":"blog","status":"publish","type":"page","link":"https:\/\/balanceinmotioncoach.com\/en\/blog\/","title":{"rendered":"Blog"},"content":{"rendered":"<section id=\"uagb-columns-141e6e6d-84e6-43c9-9466-c51aacf626d0\">\n<h1>BLOG<\/h1>\n<h3>Zdravie &#8211; Pohyb &#8211; Recepty &#8211; Vedeck\u00e9 novinky &#8211; Du\u0161evn\u00e9 zdravie &#8211; Komunita<\/h3>\n<\/section>\n<section id=\"uagb-columns-6b1d14d7-b23a-4a3d-9944-c6b9f95bd5ab\">\n<\/section>\n<section id=\"uagb-section-d9762f56-b72f-4242-9a36-9c684f0c193f\">\n<\/section>\n<section id=\"uagb-section-16104c9d-ab9b-4060-b831-0b9360d45190\">\n<\/section>\n<section id=\"uagb-columns-f1fb1210-0a4c-4e88-87c6-975f21789f30\">\n\n<\/section>","protected":false},"excerpt":{"rendered":"<p>BLOG Zdravie &#8211; Pohyb &#8211; Recepty &#8211; Vedeck\u00e9 novinky &#8211; Du\u0161evn\u00e9 zdravie &#8211; Komunita<\/p>","protected":false},"author":1,"featured_media":0,"parent":0,"menu_order":0,"comment_status":"closed","ping_status":"closed","template":"","meta":{"_uag_custom_page_level_css":"","site-sidebar-layout":"no-sidebar","site-content-layout":"page-builder","ast-site-content-layout":"full-width-container","site-content-style":"unboxed","site-sidebar-style":"unboxed","ast-global-header-display":"","ast-banner-title-visibility":"","ast-main-header-display":"","ast-hfb-above-header-display":"","ast-hfb-below-header-display":"","ast-hfb-mobile-header-display":"","site-post-title":"disabled","ast-breadcrumbs-content":"","ast-featured-img":"disabled","footer-sml-layout":"","theme-transparent-header-meta":"default","adv-header-id-meta":"","stick-header-meta":"","header-above-stick-meta":"","header-main-stick-meta":"","header-below-stick-meta":"","astra-migrate-meta-layouts":"set","ast-page-background-enabled":"default","ast-page-background-meta":{"desktop":{"background-color":"","background-image":"","background-repeat":"repeat","background-position":"center center","background-size":"auto","background-attachment":"scroll","background-type":"","background-media":"","overlay-type":"","overlay-color":"","overlay-opacity":"","overlay-gradient":""},"tablet":{"background-color":"","background-image":"","background-repeat":"repeat","background-position":"center center","background-size":"auto","background-attachment":"scroll","background-type":"","background-media":"","overlay-type":"","overlay-color":"","overlay-opacity":"","overlay-gradient":""},"mobile":{"background-color":"","background-image":"","background-repeat":"repeat","background-position":"center center","background-size":"auto","background-attachment":"scroll","background-type":"","background-media":"","overlay-type":"","overlay-color":"","overlay-opacity":"","overlay-gradient":""}},"ast-content-background-meta":{"desktop":{"background-color":"var(--ast-global-color-5)","background-image":"","background-repeat":"repeat","background-position":"center center","background-size":"auto","background-attachment":"scroll","background-type":"","background-media":"","overlay-type":"","overlay-color":"","overlay-opacity":"","overlay-gradient":""},"tablet":{"background-color":"var(--ast-global-color-5)","background-image":"","background-repeat":"repeat","background-position":"center center","background-size":"auto","background-attachment":"scroll","background-type":"","background-media":"","overlay-type":"","overlay-color":"","overlay-opacity":"","overlay-gradient":""},"mobile":{"background-color":"var(--ast-global-color-5)","background-image":"","background-repeat":"repeat","background-position":"center center","background-size":"auto","background-attachment":"scroll","background-type":"","background-media":"","overlay-type":"","overlay-color":"","overlay-opacity":"","overlay-gradient":""}},"footnotes":""},"class_list":["post-307","page","type-page","status-publish","hentry"],"aioseo_notices":[],"uagb_featured_image_src":{"full":false,"thumbnail":false,"medium":false,"medium_large":false,"large":false,"1536x1536":false,"2048x2048":false,"trp-custom-language-flag":false},"uagb_author_info":{"display_name":"Balanceinmotioncoach","author_link":"https:\/\/balanceinmotioncoach.com\/en\/author\/terezazatkova7gmail-com\/"},"uagb_comment_info":0,"uagb_excerpt":"BLOG Zdravie &#8211; Pohyb &#8211; Recepty &#8211; Vedeck\u00e9 novinky &#8211; Du\u0161evn\u00e9 zdravie &#8211; Komunita","_links":{"self":[{"href":"https:\/\/balanceinmotioncoach.com\/en\/wp-json\/wp\/v2\/pages\/307","targetHints":{"allow":["GET"]}}],"collection":[{"href":"https:\/\/balanceinmotioncoach.com\/en\/wp-json\/wp\/v2\/pages"}],"about":[{"href":"https:\/\/balanceinmotioncoach.com\/en\/wp-json\/wp\/v2\/types\/page"}],"author":[{"embeddable":true,"href":"https:\/\/balanceinmotioncoach.com\/en\/wp-json\/wp\/v2\/users\/1"}],"replies":[{"embeddable":true,"href":"https:\/\/balanceinmotioncoach.com\/en\/wp-json\/wp\/v2\/comments?post=307"}],"version-history":[{"count":7,"href":"https:\/\/balanceinmotioncoach.com\/en\/wp-json\/wp\/v2\/pages\/307\/revisions"}],"predecessor-version":[{"id":1800,"href":"https:\/\/balanceinmotioncoach.com\/en\/wp-json\/wp\/v2\/pages\/307\/revisions\/1800"}],"wp:attachment":[{"href":"https:\/\/balanceinmotioncoach.com\/en\/wp-json\/wp\/v2\/media?parent=307"}],"curies":[{"name":"wp","href":"https:\/\/api.w.org\/{rel}","templated":true}]}}